{"id":12,"date":"2021-05-04T11:27:57","date_gmt":"2021-05-04T09:27:57","guid":{"rendered":"http:\/\/letopo3d.fr\/?page_id=12"},"modified":"2023-11-14T17:09:02","modified_gmt":"2023-11-14T16:09:02","slug":"politique-de-confidentialite","status":"publish","type":"page","link":"https:\/\/letopogps.fr\/?page_id=12","title":{"rendered":"Politique de confidentialit\u00e9"},"content":{"rendered":"\r\n<h2 class=\"wp-block-heading\">Qui sommes-nous\u00a0?<\/h2>\r\n\r\n\r\n\r\n<p>L\u2019adresse de notre site Web est\u00a0: <a href=\"https:\/\/letopogps.fr\">https:\/\/letopogps.fr<\/a>\u00a0<\/p>\r\n<p>Pour d\u00e9velopper plus loin la 3d un nouveau site a \u00e9t\u00e9 cr\u00e9\u00e9e <a href=\"https:\/\/letopo3d.fr\">https:\/\/letopo3d.fr<\/a><\/p>\r\n<p>Site \u00e0 but non lucratif, h\u00e9berg\u00e9 gr\u00e2ce \u00e0 des outils libres ou en partie gratuits, merci wordpress et merci threejs pour les librairies php, javascript, 3d gratuites\u00a0<\/p>\r\n<p>Le but de ce site et peut \u00eatre de tester jusque dans quelle limite il est encore possible de cr\u00e9er, tester et partager des r\u00e9alisations 3d et panoramas photo\u00a0 et de partager la visite de lieux magiques &#8211; si on a port\u00e9 pr\u00e9judice \u00e0 quelqu&rsquo;un, milles excuses \u00e0 l&rsquo;avance, c&rsquo;est involontaire.<\/p>\r\n\r\n\r\n\r\n<h2 class=\"wp-block-heading\">Utilisation des donn\u00e9es personnelles collect\u00e9es<\/h2>\r\n<p>rien de collect\u00e9, \u00e0 notre connaissance, il n&rsquo;y a pas de volont\u00e9 de notre part de ce cot\u00e9 l\u00e0<\/p>\r\n\r\n\r\n\r\n<h3 class=\"wp-block-heading\">Commentaires<\/h3>\r\n\r\n\r\n\r\n<p>Ils sont d\u00e9sactiv\u00e9s, c&rsquo;est compliqu\u00e9 d\u00e8s que l&rsquo;on commence \u00e0 stocker des messages, ainsi on ne stocke rien<\/p>\r\n\r\n\r\n\r\n<h3 class=\"wp-block-heading\">M\u00e9dias<\/h3>\r\n\r\n\r\n\r\n<p>RAS<\/p>\r\n<p><span style=\"font-size: 40px; font-weight: bold; letter-spacing: -0.0415625em; font-family: 'Inter var', -apple-system, BlinkMacSystemFont, 'Helvetica Neue', Helvetica, sans-serif;\">Formulaires de contact<\/span><\/p>\r\n<p>Sans objet<\/p>\r\n\r\n\r\n\r\n<h3 class=\"wp-block-heading\">Cookies<\/h3>\r\n\r\n\r\n\r\n<p>A notre connaissance pas de cookies,voil\u00e0 ce qui devrait appara\u00eetre si vous demandez \u00e0 votre navigateur, on a pas connaissance de cookies de notre h\u00e9bergeur et d&rsquo;autres fonctionnalit\u00e9s du site \u00e0 l&rsquo;avance veuillez nous excuser et si vous en trouvez, virez les<\/p>\r\n<p><img loading=\"lazy\" decoding=\"async\" class=\"alignnone size-full wp-image-6341\" src=\"https:\/\/letopogps.fr\/wp-content\/uploads\/2021\/05\/Capture-decran-du-2021-05-06-13-50-03.png\" alt=\"\" width=\"292\" height=\"258\" \/><\/p>\r\n\r\n\r\n\r\n<h3 class=\"wp-block-heading\">Contenu embarqu\u00e9 depuis d\u2019autres sites<\/h3>\r\n<p>Certains mod\u00e8les 3d ne s&rsquo;affichent pas, c&rsquo;est du a https:\/\/, si vous n&rsquo;avez pas peur repassez en http:\/\/ le temps qu&rsquo;on convertisse tout<\/p>\r\n<p>https n&rsquo;\u00e9tait pas vraiment justifi\u00e9 pour ce site, pas de commerce, pas de paiement en ligne, on a tard\u00e9 a s&rsquo;y convertir<\/p>\r\n\r\n\r\n\r\n<p>Les articles de ce site peuvent inclure des contenus int\u00e9gr\u00e9s (par exemple des vid\u00e9os, images, articles\u2026). Le contenu int\u00e9gr\u00e9 depuis d\u2019autres sites se comporte de la m\u00eame mani\u00e8re que si le visiteur se rendait sur cet autre site.<\/p>\r\n\r\n\r\n\r\n<p>On ne ma\u00eetrise pas ces sites\u00a0 tiers (qui peut vraiment le faire ?)\u00a0 qui pourraient collecter des donn\u00e9es sur vous, utiliser des cookies, embarquer des outils de suivis tiers, suivre vos interactions avec ces contenus embarqu\u00e9s si vous disposez d\u2019un compte connect\u00e9 sur leur site web.<\/p>\r\n\r\n\r\n\r\n<h3 class=\"wp-block-heading\">Statistiques et mesures d\u2019audience<\/h3>\r\n<p>jetpack, on ne ma\u00eetrise pas, solution en partie gratuite propos\u00e9e par wordpress<\/p>\r\n\r\n\r\n\r\n<h2 class=\"wp-block-heading\">Utilisation et transmission de vos donn\u00e9es personnelles<\/h2>\r\n<p>sans objet, \u00e0 notre connaissance<\/p>\r\n\r\n\r\n\r\n<h2 class=\"wp-block-heading\">Dur\u00e9es de stockage de vos donn\u00e9es<\/h2>\r\n\r\n\r\n\r\n<p>sans objet, \u00e0 notre connaissance<\/p>\r\n\r\n\r\n\r\n<h2 class=\"wp-block-heading\">Les droits que vous avez sur vos donn\u00e9es<\/h2>\r\n\r\n\r\n\r\n<p>sans objet<\/p>\r\n\r\n\r\n\r\n<h2 class=\"wp-block-heading\">Transmission de vos donn\u00e9es personnelles<\/h2>\r\n\r\n\r\n\r\n<p>sans objet<\/p>\r\n\r\n\r\n\r\n<h2 class=\"wp-block-heading\">Informations de contact<\/h2>\r\n<p>sans objet<\/p>\r\n\r\n\r\n\r\n<h2 class=\"wp-block-heading\">Informations suppl\u00e9mentaires<\/h2>\r\n<p>sans objet<\/p>\r\n\r\n\r\n\r\n<h3 class=\"wp-block-heading\">Comment nous prot\u00e9geons vos donn\u00e9es<\/h3>\r\n<p>sans objet<\/p>\r\n\r\n\r\n\r\n<h3 class=\"wp-block-heading\">Proc\u00e9dures mises en \u0153uvre en cas de fuite de donn\u00e9es<\/h3>\r\n<p>sans objet<\/p>\r\n\r\n\r\n\r\n<h3 class=\"wp-block-heading\">Les services tiers qui nous transmettent des donn\u00e9es<\/h3>\r\n<p>sans objet<\/p>\r\n\r\n\r\n\r\n<h3 class=\"wp-block-heading\">Op\u00e9rations de marketing automatis\u00e9 et\/ou de profilage r\u00e9alis\u00e9es \u00e0 l\u2019aide des donn\u00e9es personnelles<\/h3>\r\n<p>sans objet<\/p>\r\n\r\n\r\n\r\n<h3 class=\"wp-block-heading\">Affichage des informations li\u00e9es aux secteurs soumis \u00e0 des r\u00e9gulations sp\u00e9cifiques<\/h3>\r\n<p>sans objet<\/p>","protected":false},"excerpt":{"rendered":"<p>Qui sommes-nous\u00a0? L\u2019adresse de notre site Web est\u00a0: https:\/\/letopogps.fr\u00a0 Pour d\u00e9velopper plus loin la 3d un nouveau site a \u00e9t\u00e9 cr\u00e9\u00e9e https:\/\/letopo3d.fr Site \u00e0 but non lucratif, h\u00e9berg\u00e9 gr\u00e2ce \u00e0 des outils libres ou en partie gratuits, merci wordpress et merci threejs pour les librairies php, javascript, 3d gratuites\u00a0 Le but de ce site et [&hellip;]<\/p>\n","protected":false},"author":1,"featured_media":0,"parent":0,"menu_order":0,"comment_status":"closed","ping_status":"closed","template":"","meta":{"footnotes":""},"jetpack_sharing_enabled":true,"_links":{"self":[{"href":"https:\/\/letopogps.fr\/index.php?rest_route=\/wp\/v2\/pages\/12"}],"collection":[{"href":"https:\/\/letopogps.fr\/index.php?rest_route=\/wp\/v2\/pages"}],"about":[{"href":"https:\/\/letopogps.fr\/index.php?rest_route=\/wp\/v2\/types\/page"}],"author":[{"embeddable":true,"href":"https:\/\/letopogps.fr\/index.php?rest_route=\/wp\/v2\/users\/1"}],"replies":[{"embeddable":true,"href":"https:\/\/letopogps.fr\/index.php?rest_route=%2Fwp%2Fv2%2Fcomments&post=12"}],"version-history":[{"count":8,"href":"https:\/\/letopogps.fr\/index.php?rest_route=\/wp\/v2\/pages\/12\/revisions"}],"predecessor-version":[{"id":6535,"href":"https:\/\/letopogps.fr\/index.php?rest_route=\/wp\/v2\/pages\/12\/revisions\/6535"}],"wp:attachment":[{"href":"https:\/\/letopogps.fr\/index.php?rest_route=%2Fwp%2Fv2%2Fmedia&parent=12"}],"curies":[{"name":"wp","href":"https:\/\/api.w.org\/{rel}","templated":true}]}}